{"id":397,"date":"2023-06-28T20:08:12","date_gmt":"2023-06-28T18:08:12","guid":{"rendered":"https:\/\/svmarija.com\/?page_id=397"},"modified":"2025-03-12T12:45:12","modified_gmt":"2025-03-12T11:45:12","slug":"uklanjanje-podbratka","status":"publish","type":"page","link":"https:\/\/svmarija.com\/en\/uklanjanje-podbratka\/","title":{"rendered":"Removal of double chin"},"content":{"rendered":"<div data-elementor-type=\"wp-page\" data-elementor-id=\"397\" class=\"elementor elementor-397\" data-elementor-post-type=\"page\">\n\t\t\t\t\t\t<section class=\"elementor-section elementor-top-section elementor-element elementor-element-2d73f835 elementor-section-height-min-height elementor-section-items-stretch elementor-section-stretched elementor-section-boxed elementor-section-height-default\" data-id=\"2d73f835\" data-element_type=\"section\" data-settings=\"{&quot;stretch_section&quot;:&quot;section-stretched&quot;,&quot;jet_parallax_layout_list&quot;:[]}\">\n\t\t\t\t\t\t<div class=\"elementor-container elementor-column-gap-no\">\n\t\t\t\t\t<div class=\"elementor-column elementor-col-50 elementor-top-column elementor-element elementor-element-14f3a633\" data-id=\"14f3a633\" data-element_type=\"column\">\n\t\t\t<div class=\"elementor-widget-wrap elementor-element-populated\">\n\t\t\t\t\t\t<div class=\"elementor-element elementor-element-2ffc7177 elementor-widget elementor-widget-heading\" data-id=\"2ffc7177\" data-element_type=\"widget\" data-widget_type=\"heading.default\">\n\t\t\t\t<div class=\"elementor-widget-container\">\n\t\t\t<h1 class=\"elementor-heading-title elementor-size-default\">Removal of double chin<\/h1>\t\t<\/div>\n\t\t\t\t<\/div>\n\t\t\t\t<div class=\"elementor-element elementor-element-6b5f0af1 elementor-widget elementor-widget-text-editor\" data-id=\"6b5f0af1\" data-element_type=\"widget\" data-widget_type=\"text-editor.default\">\n\t\t\t\t<div class=\"elementor-widget-container\">\n\t\t\t\t\t\t\t<p>Are you tired of having an unwanted double chin that affects your confidence?<\/p><p>\u00a0Looking for a safe and effective solution that will give you a tight and defined jaw line?\u00a0<\/p><p>Meet the INDIBA Edna Pro Max device \u2013 a revolutionary solution that will bring you the desired results!<\/p>\t\t\t\t\t\t<\/div>\n\t\t\t\t<\/div>\n\t\t\t\t<div class=\"elementor-element elementor-element-2612239e elementor-align-left elementor-widget elementor-widget-button\" data-id=\"2612239e\" data-element_type=\"widget\" data-widget_type=\"button.default\">\n\t\t\t\t<div class=\"elementor-widget-container\">\n\t\t\t\t\t<div class=\"elementor-button-wrapper\">\n\t\t\t<a class=\"elementor-button elementor-button-link elementor-size-lg\" href=\"https:\/\/tally.so\/r\/nGKy1o\" target=\"_blank\" rel=\"noopener\">\n\t\t\t\t\t\t<span class=\"elementor-button-content-wrapper\">\n\t\t\t\t\t\t\t\t\t<span class=\"elementor-button-text\">Make an appointment<\/span>\n\t\t\t\t\t<\/span>\n\t\t\t\t\t<\/a>\n\t\t<\/div>\n\t\t\t\t<\/div>\n\t\t\t\t<\/div>\n\t\t\t\t\t<\/div>\n\t\t<\/div>\n\t\t\t\t<div class=\"elementor-column elementor-col-50 elementor-top-column elementor-element elementor-element-3cb1af43\" data-id=\"3cb1af43\" data-element_type=\"column\" data-settings=\"{&quot;background_background&quot;:&quot;classic&quot;}\">\n\t\t\t<div class=\"elementor-widget-wrap elementor-element-populated\">\n\t\t\t\t\t\t<div class=\"elementor-element elementor-element-680ccc58 elementor-widget elementor-widget-spacer\" data-id=\"680ccc58\" data-element_type=\"widget\" data-widget_type=\"spacer.default\">\n\t\t\t\t<div class=\"elementor-widget-container\">\n\t\t\t\t\t<div class=\"elementor-spacer\">\n\t\t\t<div class=\"elementor-spacer-inner\"><\/div>\n\t\t<\/div>\n\t\t\t\t<\/div>\n\t\t\t\t<\/div>\n\t\t\t\t\t<\/div>\n\t\t<\/div>\n\t\t\t\t\t<\/div>\n\t\t<\/section>\n\t\t\t\t<section class=\"elementor-section elementor-top-section elementor-element elementor-element-542d4ee8 elementor-section-boxed elementor-section-height-default elementor-section-height-default\" data-id=\"542d4ee8\" data-element_type=\"section\" data-settings=\"{&quot;jet_parallax_layout_list&quot;:[]}\">\n\t\t\t\t\t\t<div class=\"elementor-container elementor-column-gap-default\">\n\t\t\t\t\t<div class=\"elementor-column elementor-col-100 elementor-top-column elementor-element elementor-element-69641075\" data-id=\"69641075\" data-element_type=\"column\">\n\t\t\t<div class=\"elementor-widget-wrap elementor-element-populated\">\n\t\t\t\t\t\t<div class=\"elementor-element elementor-element-79918f13 elementor-widget elementor-widget-heading\" data-id=\"79918f13\" data-element_type=\"widget\" data-widget_type=\"heading.default\">\n\t\t\t\t<div class=\"elementor-widget-container\">\n\t\t\t<h2 class=\"elementor-heading-title elementor-size-default\">The INDIBA Edna Pro Max device is the most advanced technological innovation designed to remove the double chin and shape the lower part of the face. \n<\/h2>\t\t<\/div>\n\t\t\t\t<\/div>\n\t\t\t\t<div class=\"elementor-element elementor-element-4dfe085 elementor-widget elementor-widget-text-editor\" data-id=\"4dfe085\" data-element_type=\"widget\" data-widget_type=\"text-editor.default\">\n\t\t\t\t<div class=\"elementor-widget-container\">\n\t\t\t\t\t\t\t<p>Indiba EDNA uses radio frequency from<strong> 448 kHz<\/strong>, in order to penetrate deep into the tissue and stimulate the production of collagen and elastin.<\/p><p>This specific frequency enables <strong>targeted and effective therapy<\/strong>, resulting in skin tightening, improvement of facial contour and <strong>reduction of the younger brother<\/strong>. In addition, the treatment helps to improve circulation and lymphatic drainage, which additionally contributes to reducing the accumulation of fatty deposits in the underarm area.<\/p>\t\t\t\t\t\t<\/div>\n\t\t\t\t<\/div>\n\t\t\t\t<div class=\"elementor-element elementor-element-7ddc84e elementor-widget elementor-widget-heading\" data-id=\"7ddc84e\" data-element_type=\"widget\" data-widget_type=\"heading.default\">\n\t\t\t\t<div class=\"elementor-widget-container\">\n\t\t\t<h1 class=\"elementor-heading-title elementor-size-default\">Here are the key benefits and results this amazing device achieves:<\/h1>\t\t<\/div>\n\t\t\t\t<\/div>\n\t\t\t\t<div class=\"elementor-element elementor-element-6595d362 elementor-position-left elementor-vertical-align-middle elementor-mobile-position-left elementor-view-default elementor-widget elementor-widget-icon-box\" data-id=\"6595d362\" data-element_type=\"widget\" data-widget_type=\"icon-box.default\">\n\t\t\t\t<div class=\"elementor-widget-container\">\n\t\t\t\t\t<div class=\"elementor-icon-box-wrapper\">\n\n\t\t\t\t\t\t<div class=\"elementor-icon-box-icon\">\n\t\t\t\t<span  class=\"elementor-icon elementor-animation-\">\n\t\t\t\t<svg xmlns=\"http:\/\/www.w3.org\/2000\/svg\" id=\"Layer_1\" data-name=\"Layer 1\" viewbox=\"0 0 512 457.57\"><defs><style>.cls-1{fill-rule:evenodd;}<\/style><\/defs><path class=\"cls-1\" d=\"M0,220.57c100.43-1.33,121-5.2,191.79,81.5,54.29-90,114.62-167.9,179.92-235.86C436-.72,436.5-.89,512,.24,383.54,143,278.71,295.74,194.87,457.57,150,361.45,87.33,280.53,0,220.57Z\"><\/path><\/svg>\t\t\t\t<\/span>\n\t\t\t<\/div>\n\t\t\t\n\t\t\t\t\t\t<div class=\"elementor-icon-box-content\">\n\n\t\t\t\t\t\t\t\t\t<h3 class=\"elementor-icon-box-title\">\n\t\t\t\t\t\t<span  >\n\t\t\t\t\t\t\tRemoving a double-chin:\t\t\t\t\t\t<\/span>\n\t\t\t\t\t<\/h3>\n\t\t\t\t\n\t\t\t\t\t\t\t\t\t<p class=\"elementor-icon-box-description\">\n\t\t\t\t\t\tThe INDIBA Edna Pro Max device is specially designed for targeted treatment of the underarm area. Its high-frequency radiofrequency technology acts on fat cells, breaking them down and reducing the volume of the underarms.\t\t\t\t\t<\/p>\n\t\t\t\t\n\t\t\t<\/div>\n\t\t\t\n\t\t<\/div>\n\t\t\t\t<\/div>\n\t\t\t\t<\/div>\n\t\t\t\t<div class=\"elementor-element elementor-element-430b2484 elementor-position-left elementor-vertical-align-middle elementor-mobile-position-left elementor-view-default elementor-widget elementor-widget-icon-box\" data-id=\"430b2484\" data-element_type=\"widget\" data-widget_type=\"icon-box.default\">\n\t\t\t\t<div class=\"elementor-widget-container\">\n\t\t\t\t\t<div class=\"elementor-icon-box-wrapper\">\n\n\t\t\t\t\t\t<div class=\"elementor-icon-box-icon\">\n\t\t\t\t<span  class=\"elementor-icon elementor-animation-\">\n\t\t\t\t<svg xmlns=\"http:\/\/www.w3.org\/2000\/svg\" id=\"Layer_1\" data-name=\"Layer 1\" viewbox=\"0 0 512 457.57\"><defs><style>.cls-1{fill-rule:evenodd;}<\/style><\/defs><path class=\"cls-1\" d=\"M0,220.57c100.43-1.33,121-5.2,191.79,81.5,54.29-90,114.62-167.9,179.92-235.86C436-.72,436.5-.89,512,.24,383.54,143,278.71,295.74,194.87,457.57,150,361.45,87.33,280.53,0,220.57Z\"><\/path><\/svg>\t\t\t\t<\/span>\n\t\t\t<\/div>\n\t\t\t\n\t\t\t\t\t\t<div class=\"elementor-icon-box-content\">\n\n\t\t\t\t\t\t\t\t\t<h3 class=\"elementor-icon-box-title\">\n\t\t\t\t\t\t<span  >\n\t\t\t\t\t\t\tSkin tightening:\t\t\t\t\t\t<\/span>\n\t\t\t\t\t<\/h3>\n\t\t\t\t\n\t\t\t\t\t\t\t\t\t<p class=\"elementor-icon-box-description\">\n\t\t\t\t\t\tIn addition to removing fat cells, the INDIBA Edna Pro Max device stimulates the production of collagen and elastin in the skin. This results in tighter and firmer skin on the neck and chin area, shaping a defined jawline.\t\t\t\t\t<\/p>\n\t\t\t\t\n\t\t\t<\/div>\n\t\t\t\n\t\t<\/div>\n\t\t\t\t<\/div>\n\t\t\t\t<\/div>\n\t\t\t\t<div class=\"elementor-element elementor-element-73fe0fb2 elementor-position-left elementor-vertical-align-middle elementor-mobile-position-left elementor-view-default elementor-widget elementor-widget-icon-box\" data-id=\"73fe0fb2\" data-element_type=\"widget\" data-widget_type=\"icon-box.default\">\n\t\t\t\t<div class=\"elementor-widget-container\">\n\t\t\t\t\t<div class=\"elementor-icon-box-wrapper\">\n\n\t\t\t\t\t\t<div class=\"elementor-icon-box-icon\">\n\t\t\t\t<span  class=\"elementor-icon elementor-animation-\">\n\t\t\t\t<svg xmlns=\"http:\/\/www.w3.org\/2000\/svg\" id=\"Layer_1\" data-name=\"Layer 1\" viewbox=\"0 0 512 457.57\"><defs><style>.cls-1{fill-rule:evenodd;}<\/style><\/defs><path class=\"cls-1\" d=\"M0,220.57c100.43-1.33,121-5.2,191.79,81.5,54.29-90,114.62-167.9,179.92-235.86C436-.72,436.5-.89,512,.24,383.54,143,278.71,295.74,194.87,457.57,150,361.45,87.33,280.53,0,220.57Z\"><\/path><\/svg>\t\t\t\t<\/span>\n\t\t\t<\/div>\n\t\t\t\n\t\t\t\t\t\t<div class=\"elementor-icon-box-content\">\n\n\t\t\t\t\t\t\t\t\t<h3 class=\"elementor-icon-box-title\">\n\t\t\t\t\t\t<span  >\n\t\t\t\t\t\t\tQuick visible results:\t\t\t\t\t\t<\/span>\n\t\t\t\t\t<\/h3>\n\t\t\t\t\n\t\t\t\t\t\t\t\t\t<p class=\"elementor-icon-box-description\">\n\t\t\t\t\t\tAlready after a few treatments with the INDIBA Edna Pro Max device, you will notice a significant reduction in underarms and skin tightness. Your face will look younger, more defined and more aesthetically appealing.\t\t\t\t\t<\/p>\n\t\t\t\t\n\t\t\t<\/div>\n\t\t\t\n\t\t<\/div>\n\t\t\t\t<\/div>\n\t\t\t\t<\/div>\n\t\t\t\t<div class=\"elementor-element elementor-element-5723fa0c elementor-position-left elementor-vertical-align-middle elementor-mobile-position-left elementor-view-default elementor-widget elementor-widget-icon-box\" data-id=\"5723fa0c\" data-element_type=\"widget\" data-widget_type=\"icon-box.default\">\n\t\t\t\t<div class=\"elementor-widget-container\">\n\t\t\t\t\t<div class=\"elementor-icon-box-wrapper\">\n\n\t\t\t\t\t\t<div class=\"elementor-icon-box-icon\">\n\t\t\t\t<span  class=\"elementor-icon elementor-animation-\">\n\t\t\t\t<svg xmlns=\"http:\/\/www.w3.org\/2000\/svg\" id=\"Layer_1\" data-name=\"Layer 1\" viewbox=\"0 0 512 457.57\"><defs><style>.cls-1{fill-rule:evenodd;}<\/style><\/defs><path class=\"cls-1\" d=\"M0,220.57c100.43-1.33,121-5.2,191.79,81.5,54.29-90,114.62-167.9,179.92-235.86C436-.72,436.5-.89,512,.24,383.54,143,278.71,295.74,194.87,457.57,150,361.45,87.33,280.53,0,220.57Z\"><\/path><\/svg>\t\t\t\t<\/span>\n\t\t\t<\/div>\n\t\t\t\n\t\t\t\t\t\t<div class=\"elementor-icon-box-content\">\n\n\t\t\t\t\t\t\t\t\t<h3 class=\"elementor-icon-box-title\">\n\t\t\t\t\t\t<span  >\n\t\t\t\t\t\t\tLong-term effects: \t\t\t\t\t\t<\/span>\n\t\t\t\t\t<\/h3>\n\t\t\t\t\n\t\t\t\t\t\t\t\t\t<p class=\"elementor-icon-box-description\">\n\t\t\t\t\t\tOne of the biggest advantages of the INDIBA Edna Pro Max device is the longevity of the results it provides. With regular use, you will gradually reduce fat deposits and maintain tight skin on the neck and chin area.\t\t\t\t\t<\/p>\n\t\t\t\t\n\t\t\t<\/div>\n\t\t\t\n\t\t<\/div>\n\t\t\t\t<\/div>\n\t\t\t\t<\/div>\n\t\t\t\t<div class=\"elementor-element elementor-element-5cae1995 elementor-position-left elementor-vertical-align-middle elementor-mobile-position-left elementor-view-default elementor-widget elementor-widget-icon-box\" data-id=\"5cae1995\" data-element_type=\"widget\" data-widget_type=\"icon-box.default\">\n\t\t\t\t<div class=\"elementor-widget-container\">\n\t\t\t\t\t<div class=\"elementor-icon-box-wrapper\">\n\n\t\t\t\t\t\t<div class=\"elementor-icon-box-icon\">\n\t\t\t\t<span  class=\"elementor-icon elementor-animation-\">\n\t\t\t\t<svg xmlns=\"http:\/\/www.w3.org\/2000\/svg\" id=\"Layer_1\" data-name=\"Layer 1\" viewbox=\"0 0 512 457.57\"><defs><style>.cls-1{fill-rule:evenodd;}<\/style><\/defs><path class=\"cls-1\" d=\"M0,220.57c100.43-1.33,121-5.2,191.79,81.5,54.29-90,114.62-167.9,179.92-235.86C436-.72,436.5-.89,512,.24,383.54,143,278.71,295.74,194.87,457.57,150,361.45,87.33,280.53,0,220.57Z\"><\/path><\/svg>\t\t\t\t<\/span>\n\t\t\t<\/div>\n\t\t\t\n\t\t\t\t\t\t<div class=\"elementor-icon-box-content\">\n\n\t\t\t\t\t\t\t\t\t<h3 class=\"elementor-icon-box-title\">\n\t\t\t\t\t\t<span  >\n\t\t\t\t\t\t\tSafety and comfort:\t\t\t\t\t\t<\/span>\n\t\t\t\t\t<\/h3>\n\t\t\t\t\n\t\t\t\t\t\t\t\t\t<p class=\"elementor-icon-box-description\">\n\t\t\t\t\t\tThe INDIBA Edna Pro Max device uses non-invasive radiofrequency technology that does not require surgical interventions or invasive procedures. The treatment is safe, painless and comfortable, allowing you to enjoy the procedure without any discomfort.\t\t\t\t\t<\/p>\n\t\t\t\t\n\t\t\t<\/div>\n\t\t\t\n\t\t<\/div>\n\t\t\t\t<\/div>\n\t\t\t\t<\/div>\n\t\t\t\t<section class=\"elementor-section elementor-inner-section elementor-element elementor-element-32be624a elementor-section-boxed elementor-section-height-default elementor-section-height-default\" data-id=\"32be624a\" data-element_type=\"section\" data-settings=\"{&quot;jet_parallax_layout_list&quot;:[]}\">\n\t\t\t\t\t\t<div class=\"elementor-container elementor-column-gap-default\">\n\t\t\t\t\t<div class=\"elementor-column elementor-col-33 elementor-inner-column elementor-element elementor-element-5ff28d3d\" data-id=\"5ff28d3d\" data-element_type=\"column\">\n\t\t\t<div class=\"elementor-widget-wrap elementor-element-populated\">\n\t\t\t\t\t\t<div class=\"elementor-element elementor-element-f455e3d elementor-widget elementor-widget-image\" data-id=\"f455e3d\" data-element_type=\"widget\" data-widget_type=\"image.default\">\n\t\t\t\t<div class=\"elementor-widget-container\">\n\t\t\t\t\t\t\t\t\t\t\t\t\t<img fetchpriority=\"high\" decoding=\"async\" width=\"800\" height=\"800\" src=\"https:\/\/svmarija.com\/wp-content\/uploads\/2023\/12\/WhatsApp-Image-2023-12-19-at-08.06.30-1024x1024.jpeg\" class=\"attachment-large size-large wp-image-1707\" alt=\"uklanjanje podbratka split, uklanjanje podbratka zadar, uklanjanje podbratka zagreb, nekirur\u0161ko uklanjanje podbratka, rje\u0161enje za dvostruki podbradak, zatezanje lica, uklanjanje bora, uklanjanje bora oko usta, zatezanje \u010deljusti, zadar, split, zagreb, rijeka, smanjenje podbratka\" srcset=\"https:\/\/svmarija.com\/wp-content\/uploads\/2023\/12\/WhatsApp-Image-2023-12-19-at-08.06.30-1024x1024.jpeg 1024w, https:\/\/svmarija.com\/wp-content\/uploads\/2023\/12\/WhatsApp-Image-2023-12-19-at-08.06.30-300x300.jpeg 300w, https:\/\/svmarija.com\/wp-content\/uploads\/2023\/12\/WhatsApp-Image-2023-12-19-at-08.06.30-150x150.jpeg 150w, https:\/\/svmarija.com\/wp-content\/uploads\/2023\/12\/WhatsApp-Image-2023-12-19-at-08.06.30-768x768.jpeg 768w, https:\/\/svmarija.com\/wp-content\/uploads\/2023\/12\/WhatsApp-Image-2023-12-19-at-08.06.30-12x12.jpeg 12w, https:\/\/svmarija.com\/wp-content\/uploads\/2023\/12\/WhatsApp-Image-2023-12-19-at-08.06.30.jpeg 1440w\" sizes=\"(max-width: 800px) 100vw, 800px\" \/>\t\t\t\t\t\t\t\t\t\t\t\t\t<\/div>\n\t\t\t\t<\/div>\n\t\t\t\t\t<\/div>\n\t\t<\/div>\n\t\t\t\t<div class=\"elementor-column elementor-col-33 elementor-inner-column elementor-element elementor-element-61e8c2da\" data-id=\"61e8c2da\" data-element_type=\"column\">\n\t\t\t<div class=\"elementor-widget-wrap elementor-element-populated\">\n\t\t\t\t\t\t<div class=\"elementor-element elementor-element-a51ab56 elementor-widget elementor-widget-image\" data-id=\"a51ab56\" data-element_type=\"widget\" data-widget_type=\"image.default\">\n\t\t\t\t<div class=\"elementor-widget-container\">\n\t\t\t\t\t\t\t\t\t\t\t\t\t<img decoding=\"async\" width=\"800\" height=\"800\" src=\"https:\/\/svmarija.com\/wp-content\/uploads\/2023\/09\/f8ed2a95-f2c4-4c73-9f28-46d7f80b95ae-1024x1024.jpeg\" class=\"attachment-large size-large wp-image-848\" alt=\"Uklanjanje podbratka Split\" srcset=\"https:\/\/svmarija.com\/wp-content\/uploads\/2023\/09\/f8ed2a95-f2c4-4c73-9f28-46d7f80b95ae-1024x1024.jpeg 1024w, https:\/\/svmarija.com\/wp-content\/uploads\/2023\/09\/f8ed2a95-f2c4-4c73-9f28-46d7f80b95ae-300x300.jpeg 300w, https:\/\/svmarija.com\/wp-content\/uploads\/2023\/09\/f8ed2a95-f2c4-4c73-9f28-46d7f80b95ae-150x150.jpeg 150w, https:\/\/svmarija.com\/wp-content\/uploads\/2023\/09\/f8ed2a95-f2c4-4c73-9f28-46d7f80b95ae-768x768.jpeg 768w, https:\/\/svmarija.com\/wp-content\/uploads\/2023\/09\/f8ed2a95-f2c4-4c73-9f28-46d7f80b95ae-1536x1536.jpeg 1536w, https:\/\/svmarija.com\/wp-content\/uploads\/2023\/09\/f8ed2a95-f2c4-4c73-9f28-46d7f80b95ae.jpeg 2048w\" sizes=\"(max-width: 800px) 100vw, 800px\" \/>\t\t\t\t\t\t\t\t\t\t\t\t\t<\/div>\n\t\t\t\t<\/div>\n\t\t\t\t\t<\/div>\n\t\t<\/div>\n\t\t\t\t<div class=\"elementor-column elementor-col-33 elementor-inner-column elementor-element elementor-element-32c69e48\" data-id=\"32c69e48\" data-element_type=\"column\">\n\t\t\t<div class=\"elementor-widget-wrap elementor-element-populated\">\n\t\t\t\t\t\t<div class=\"elementor-element elementor-element-a6b97a4 elementor-widget elementor-widget-image\" data-id=\"a6b97a4\" data-element_type=\"widget\" data-widget_type=\"image.default\">\n\t\t\t\t<div class=\"elementor-widget-container\">\n\t\t\t\t\t\t\t\t\t\t\t\t\t<img decoding=\"async\" width=\"800\" height=\"800\" src=\"https:\/\/svmarija.com\/wp-content\/uploads\/2023\/12\/WhatsApp-Image-2023-12-19-at-08.07.08-1024x1024.jpeg\" class=\"attachment-large size-large wp-image-1708\" alt=\"uklanjanje podbratka split, uklanjanje podbratka zadar, uklanjanje podbratka zagreb, nekirur\u0161ko uklanjanje podbratka, rje\u0161enje za dvostruki podbradak, zatezanje lica, uklanjanje bora, uklanjanje bora oko usta, zatezanje \u010deljusti, zadar, split, zagreb, rijeka, smanjenje podbratka\" srcset=\"https:\/\/svmarija.com\/wp-content\/uploads\/2023\/12\/WhatsApp-Image-2023-12-19-at-08.07.08-1024x1024.jpeg 1024w, https:\/\/svmarija.com\/wp-content\/uploads\/2023\/12\/WhatsApp-Image-2023-12-19-at-08.07.08-300x300.jpeg 300w, https:\/\/svmarija.com\/wp-content\/uploads\/2023\/12\/WhatsApp-Image-2023-12-19-at-08.07.08-150x150.jpeg 150w, https:\/\/svmarija.com\/wp-content\/uploads\/2023\/12\/WhatsApp-Image-2023-12-19-at-08.07.08-768x768.jpeg 768w, https:\/\/svmarija.com\/wp-content\/uploads\/2023\/12\/WhatsApp-Image-2023-12-19-at-08.07.08-12x12.jpeg 12w, https:\/\/svmarija.com\/wp-content\/uploads\/2023\/12\/WhatsApp-Image-2023-12-19-at-08.07.08.jpeg 1440w\" sizes=\"(max-width: 800px) 100vw, 800px\" \/>\t\t\t\t\t\t\t\t\t\t\t\t\t<\/div>\n\t\t\t\t<\/div>\n\t\t\t\t\t<\/div>\n\t\t<\/div>\n\t\t\t\t\t<\/div>\n\t\t<\/section>\n\t\t\t\t\t<\/div>\n\t\t<\/div>\n\t\t\t\t\t<\/div>\n\t\t<\/section>\n\t\t\t\t<section class=\"elementor-section elementor-top-section elementor-element elementor-element-7999c2a9 elementor-section-boxed elementor-section-height-default elementor-section-height-default\" data-id=\"7999c2a9\" data-element_type=\"section\" data-settings=\"{&quot;jet_parallax_layout_list&quot;:[]}\">\n\t\t\t\t\t\t<div class=\"elementor-container elementor-column-gap-default\">\n\t\t\t\t\t<div class=\"elementor-column elementor-col-100 elementor-top-column elementor-element elementor-element-40aee85c\" data-id=\"40aee85c\" data-element_type=\"column\">\n\t\t\t<div class=\"elementor-widget-wrap elementor-element-populated\">\n\t\t\t\t\t\t<div class=\"elementor-element elementor-element-c83b4b8 elementor-headline--style-highlight elementor-widget elementor-widget-animated-headline\" data-id=\"c83b4b8\" data-element_type=\"widget\" data-settings=\"{&quot;highlighted_text&quot;:&quot;INDIBA Edna Pro Max, &quot;,&quot;headline_style&quot;:&quot;highlight&quot;,&quot;marker&quot;:&quot;circle&quot;,&quot;loop&quot;:&quot;yes&quot;,&quot;highlight_animation_duration&quot;:1200,&quot;highlight_iteration_delay&quot;:8000}\" data-widget_type=\"animated-headline.default\">\n\t\t\t\t<div class=\"elementor-widget-container\">\n\t\t\t\t\t<h3 class=\"elementor-headline\">\n\t\t\t\t\t<span class=\"elementor-headline-plain-text elementor-headline-text-wrapper\">WITH <\/span>\n\t\t\t\t<span class=\"elementor-headline-dynamic-wrapper elementor-headline-text-wrapper\">\n\t\t\t\t\t<span class=\"elementor-headline-dynamic-text elementor-headline-text-active\">INDIBA Edna Pro Max, <\/span>\n\t\t\t\t<\/span>\n\t\t\t\t\t<span class=\"elementor-headline-plain-text elementor-headline-text-wrapper\">you can target and remove fat deposits on different parts of the body, achieving toned and well-shaped contours.<\/span>\n\t\t\t\t\t<\/h3>\n\t\t\t\t<\/div>\n\t\t\t\t<\/div>\n\t\t\t\t\t<\/div>\n\t\t<\/div>\n\t\t\t\t\t<\/div>\n\t\t<\/section>\n\t\t\t\t<section class=\"elementor-section elementor-top-section elementor-element elementor-element-49526b7 elementor-section-boxed elementor-section-height-default elementor-section-height-default\" data-id=\"49526b7\" data-element_type=\"section\" data-settings=\"{&quot;jet_parallax_layout_list&quot;:[]}\">\n\t\t\t\t\t\t<div class=\"elementor-container elementor-column-gap-default\">\n\t\t\t\t\t<div class=\"elementor-column elementor-col-100 elementor-top-column elementor-element elementor-element-797cf8a\" data-id=\"797cf8a\" data-element_type=\"column\">\n\t\t\t<div class=\"elementor-widget-wrap elementor-element-populated\">\n\t\t\t\t\t\t<div class=\"elementor-element elementor-element-9c7b722 elementor-widget elementor-widget-text-editor\" data-id=\"9c7b722\" data-element_type=\"widget\" data-widget_type=\"text-editor.default\">\n\t\t\t\t<div class=\"elementor-widget-container\">\n\t\t\t\t\t\t\t<p>Underarm reduction, underarm removal, non-surgical underarm removal, non-invasive underarm removal, pain-free underarm reduction, underarm removal without surgery, double chin removal<\/p>\t\t\t\t\t\t<\/div>\n\t\t\t\t<\/div>\n\t\t\t\t\t<\/div>\n\t\t<\/div>\n\t\t\t\t\t<\/div>\n\t\t<\/section>\n\t\t\t\t<\/div>","protected":false},"excerpt":{"rendered":"<p>Step Brother Removal Are you tired of having an unwanted step brother that affects your confidence?  Looking for a safe and effective solution that will give you a tight and defined jaw line? Meet the INDIBA Edna Pro Max device \u2013 a revolutionary solution that will bring you the desired results! Make an appointment INDIBA Edna Pro Max device is the most advanced technological innovation designed to [...]<\/p>","protected":false},"author":1,"featured_media":0,"parent":0,"menu_order":0,"comment_status":"closed","ping_status":"closed","template":"","meta":{"footnotes":""},"class_list":["post-397","page","type-page","status-publish","hentry"],"_links":{"self":[{"href":"https:\/\/svmarija.com\/en\/wp-json\/wp\/v2\/pages\/397","targetHints":{"allow":["GET"]}}],"collection":[{"href":"https:\/\/svmarija.com\/en\/wp-json\/wp\/v2\/pages"}],"about":[{"href":"https:\/\/svmarija.com\/en\/wp-json\/wp\/v2\/types\/page"}],"author":[{"embeddable":true,"href":"https:\/\/svmarija.com\/en\/wp-json\/wp\/v2\/users\/1"}],"replies":[{"embeddable":true,"href":"https:\/\/svmarija.com\/en\/wp-json\/wp\/v2\/comments?post=397"}],"version-history":[{"count":7,"href":"https:\/\/svmarija.com\/en\/wp-json\/wp\/v2\/pages\/397\/revisions"}],"predecessor-version":[{"id":3946,"href":"https:\/\/svmarija.com\/en\/wp-json\/wp\/v2\/pages\/397\/revisions\/3946"}],"wp:attachment":[{"href":"https:\/\/svmarija.com\/en\/wp-json\/wp\/v2\/media?parent=397"}],"curies":[{"name":"wp","href":"https:\/\/api.w.org\/{rel}","templated":true}]}}